{"id":29,"date":"2025-09-08T16:58:17","date_gmt":"2025-09-08T16:58:17","guid":{"rendered":"https:\/\/sophiatown.com.br\/blog2\/home\/"},"modified":"2025-11-14T20:28:47","modified_gmt":"2025-11-14T20:28:47","slug":"home","status":"publish","type":"page","link":"https:\/\/sophiatown.com.br\/blog\/","title":{"rendered":"Home"},"content":{"rendered":"\t\t<div data-elementor-type=\"wp-page\" data-elementor-id=\"29\" class=\"elementor elementor-29\" data-elementor-post-type=\"page\">\n\t\t\t\t<div class=\"elementor-element elementor-element-9e8647a e-flex e-con-boxed e-con e-parent\" data-id=\"9e8647a\" data-element_type=\"container\" data-e-type=\"container\">\n\t\t\t\t\t<div class=\"e-con-inner\">\n\t\t<div class=\"elementor-element elementor-element-082bda8 e-con-full e-flex e-con e-child\" data-id=\"082bda8\" data-element_type=\"container\" data-e-type=\"container\">\n\t\t\t\t<div class=\"elementor-element elementor-element-157e106 elementor-widget elementor-widget-heading\" data-id=\"157e106\" data-element_type=\"widget\" data-e-type=\"widget\" data-widget_type=\"heading.default\">\n\t\t\t\t\t<h1 class=\"elementor-heading-title elementor-size-default\">O SEU GUIA DE S\u00c3O PAULO<\/h1>\t\t\t\t<\/div>\n\t\t\t\t<div class=\"elementor-element elementor-element-1c9bdf7 elementor-widget elementor-widget-text-editor\" data-id=\"1c9bdf7\" data-element_type=\"widget\" data-e-type=\"widget\" data-widget_type=\"text-editor.default\">\n\t\t\t\t\t\t\t\t\t<article class=\"text-token-text-primary w-full focus:outline-none [--shadow-height:45px] has-data-writing-block:pointer-events-none has-data-writing-block:-mt-(--shadow-height) has-data-writing-block:pt-(--shadow-height) [&amp;:has([data-writing-block])&gt;*]:pointer-events-auto [content-visibility:auto] supports-[content-visibility:auto]:[contain-intrinsic-size:auto_100lvh] scroll-mt-[calc(var(--header-height)+min(200px,max(70px,20svh)))]\" dir=\"auto\" tabindex=\"-1\" data-turn-id=\"request-WEB:9242051a-8695-42d8-8d22-8423470916c0-12\" data-testid=\"conversation-turn-14\" data-scroll-anchor=\"true\" data-turn=\"assistant\">\n<div class=\"text-base my-auto mx-auto pb-10 [--thread-content-margin:--spacing(4)] thread-sm:[--thread-content-margin:--spacing(6)] thread-lg:[--thread-content-margin:--spacing(16)] px-(--thread-content-margin)\">\n<div class=\"[--thread-content-max-width:40rem] thread-lg:[--thread-content-max-width:48rem] mx-auto max-w-(--thread-content-max-width) flex-1 group\/turn-messages focus-visible:outline-hidden relative flex w-full min-w-0 flex-col agent-turn\" tabindex=\"-1\">\n<div class=\"flex max-w-full flex-col grow\">\n<div class=\"min-h-8 text-message relative flex w-full flex-col items-end gap-2 text-start break-words whitespace-normal [.text-message+&amp;]:mt-1\" dir=\"auto\" data-message-author-role=\"assistant\" data-message-id=\"5dcc3433-9c6d-4cd0-8210-948021c7f8a3\" data-message-model-slug=\"gpt-5\">\n<div class=\"flex w-full flex-col gap-1 empty:hidden first:pt-[1px]\">\n<div class=\"markdown prose dark:prose-invert w-full break-words light markdown-new-styling\">\n<p data-start=\"0\" data-end=\"381\" data-is-last-node=\"\" data-is-only-node=\"\">S\u00e3o Paulo \u00e9 a cidade onde tudo acontece. Com mais de 150 teatros e casas de espet\u00e1culos, re\u00fane intensa vida cultural, al\u00e9m de restaurantes do mundo todo que refletem sua diversidade. A cidade tamb\u00e9m encanta com seus parques, como o Ibirapuera, e museus renomados, como o MASP e o Museu do Ipiranga. Vibrante e din\u00e2mica, S\u00e3o Paulo est\u00e1 sempre cheia de novidades.<\/p>\n<\/div>\n<\/div>\n<\/div>\n<\/div>\n<\/div>\n<\/div>\n<\/article>\t\t\t\t\t\t\t\t<\/div>\n\t\t\t\t<div class=\"elementor-element elementor-element-f18c745 elementor-widget elementor-widget-heading\" data-id=\"f18c745\" data-element_type=\"widget\" data-e-type=\"widget\" data-widget_type=\"heading.default\">\n\t\t\t\t\t<h1 class=\"elementor-heading-title elementor-size-default\">NOT\u00cdCIAS <\/h1>\t\t\t\t<\/div>\n\t\t<div class=\"elementor-element elementor-element-f1d3792 e-con-full e-flex e-con e-child\" data-id=\"f1d3792\" data-element_type=\"container\" data-e-type=\"container\">\n\t\t<div class=\"elementor-element elementor-element-71fef82 e-con-full e-flex e-con e-child\" data-id=\"71fef82\" data-element_type=\"container\" data-e-type=\"container\">\n\t\t\t\t<div class=\"elementor-element elementor-element-1558b1c elementor-widget elementor-widget-heading\" data-id=\"1558b1c\" data-element_type=\"widget\" data-e-type=\"widget\" data-widget_type=\"heading.default\">\n\t\t\t\t\t<h1 class=\"elementor-heading-title elementor-size-default\">GASTRONOMIA<\/h1>\t\t\t\t<\/div>\n\t\t\t\t<div class=\"elementor-element elementor-element-aac2415 elementor-widget elementor-widget-image\" data-id=\"aac2415\" data-element_type=\"widget\" data-e-type=\"widget\" data-widget_type=\"image.default\">\n\t\t\t\t\t\t\t\t\t\t\t\t<figure class=\"wp-caption\">\n\t\t\t\t\t\t\t\t\t\t<img fetchpriority=\"high\" decoding=\"async\" width=\"800\" height=\"800\" src=\"https:\/\/sophiatown.com.br\/blog\/wp-content\/uploads\/2025\/10\/@culturasmigrantes.webp\" class=\"attachment-large size-large wp-image-254\" alt=\"@culturasmigrantes\" srcset=\"https:\/\/sophiatown.com.br\/blog\/wp-content\/uploads\/2025\/10\/@culturasmigrantes.webp 1024w, https:\/\/sophiatown.com.br\/blog\/wp-content\/uploads\/2025\/10\/@culturasmigrantes-300x300.webp 300w, https:\/\/sophiatown.com.br\/blog\/wp-content\/uploads\/2025\/10\/@culturasmigrantes-150x150.webp 150w, https:\/\/sophiatown.com.br\/blog\/wp-content\/uploads\/2025\/10\/@culturasmigrantes-768x768.webp 768w\" sizes=\"(max-width: 800px) 100vw, 800px\" \/>\t\t\t\t\t\t\t\t\t\t\t<figcaption class=\"widget-image-caption wp-caption-text\">Imagem @culturasmigrantes<\/figcaption>\n\t\t\t\t\t\t\t\t\t\t<\/figure>\n\t\t\t\t\t\t\t\t\t<\/div>\n\t\t\t\t<div class=\"elementor-element elementor-element-d6fcb68 elementor-widget elementor-widget-text-editor\" data-id=\"d6fcb68\" data-element_type=\"widget\" data-e-type=\"widget\" data-widget_type=\"text-editor.default\">\n\t\t\t\t\t\t\t\t\t<p>Sabores do mundo sem sair de S\u00e3o Paulo: descubra restaurantes que fazem voc\u00ea viajar pelo paladar. Leia mais&#8230;<\/p>\t\t\t\t\t\t\t\t<\/div>\n\t\t\t\t<\/div>\n\t\t<div class=\"elementor-element elementor-element-bb620a1 e-con-full e-flex e-con e-child\" data-id=\"bb620a1\" data-element_type=\"container\" data-e-type=\"container\">\n\t\t\t\t<div class=\"elementor-element elementor-element-eb091e1 elementor-widget elementor-widget-heading\" data-id=\"eb091e1\" data-element_type=\"widget\" data-e-type=\"widget\" data-widget_type=\"heading.default\">\n\t\t\t\t\t<h1 class=\"elementor-heading-title elementor-size-default\">PASSEIOS EM S\u00c3O PAULO<\/h1>\t\t\t\t<\/div>\n\t\t\t\t<div class=\"elementor-element elementor-element-1c1d5cd elementor-widget elementor-widget-image\" data-id=\"1c1d5cd\" data-element_type=\"widget\" data-e-type=\"widget\" data-widget_type=\"image.default\">\n\t\t\t\t\t\t\t\t\t\t\t\t<figure class=\"wp-caption\">\n\t\t\t\t\t\t\t\t\t\t<img decoding=\"async\" width=\"800\" height=\"800\" src=\"https:\/\/sophiatown.com.br\/blog\/wp-content\/uploads\/2025\/10\/Imagem-@culturasmigrantes.webp\" class=\"attachment-large size-large wp-image-255\" alt=\"Imagem @culturasmigrantes\" srcset=\"https:\/\/sophiatown.com.br\/blog\/wp-content\/uploads\/2025\/10\/Imagem-@culturasmigrantes.webp 1024w, https:\/\/sophiatown.com.br\/blog\/wp-content\/uploads\/2025\/10\/Imagem-@culturasmigrantes-300x300.webp 300w, https:\/\/sophiatown.com.br\/blog\/wp-content\/uploads\/2025\/10\/Imagem-@culturasmigrantes-150x150.webp 150w, https:\/\/sophiatown.com.br\/blog\/wp-content\/uploads\/2025\/10\/Imagem-@culturasmigrantes-768x768.webp 768w\" sizes=\"(max-width: 800px) 100vw, 800px\" \/>\t\t\t\t\t\t\t\t\t\t\t<figcaption class=\"widget-image-caption wp-caption-text\">Imagem @culturasmigrantes<\/figcaption>\n\t\t\t\t\t\t\t\t\t\t<\/figure>\n\t\t\t\t\t\t\t\t\t<\/div>\n\t\t\t\t<div class=\"elementor-element elementor-element-f552989 elementor-widget elementor-widget-text-editor\" data-id=\"f552989\" data-element_type=\"widget\" data-e-type=\"widget\" data-widget_type=\"text-editor.default\">\n\t\t\t\t\t\t\t\t\t<p>Em cada canto h\u00e1 um passeio diferente \u2014 parques, museus e feiras que revelam o melhor da capital paulista. <a href=\"https:\/\/sophiatown.com.br\/blog\/passeiosp\/\">Leia mais&#8230;<\/a><\/p>\t\t\t\t\t\t\t\t<\/div>\n\t\t\t\t<\/div>\n\t\t\t\t<\/div>\n\t\t\t\t<\/div>\n\t\t<div class=\"elementor-element elementor-element-8537bc2 e-con-full e-flex e-con e-child\" data-id=\"8537bc2\" data-element_type=\"container\" data-e-type=\"container\">\n\t\t<div class=\"elementor-element elementor-element-daba5d1 e-con-full e-flex e-con e-child\" data-id=\"daba5d1\" data-element_type=\"container\" data-e-type=\"container\">\n\t\t<div class=\"elementor-element elementor-element-70cf055 e-con-full e-flex e-con e-child\" data-id=\"70cf055\" data-element_type=\"container\" data-e-type=\"container\">\n\t\t<div class=\"elementor-element elementor-element-b0c1fa3 e-con-full e-flex e-con e-child\" data-id=\"b0c1fa3\" data-element_type=\"container\" data-e-type=\"container\">\n\t\t\t\t<div class=\"elementor-element elementor-element-9a6012b elementor-widget elementor-widget-heading\" data-id=\"9a6012b\" data-element_type=\"widget\" data-e-type=\"widget\" data-widget_type=\"heading.default\">\n\t\t\t\t\t<h3 class=\"elementor-heading-title elementor-size-default\">Quem somos<\/h3>\t\t\t\t<\/div>\n\t\t\t\t<\/div>\n\t\t\t\t<div class=\"elementor-element elementor-element-4caf4a0 elementor-author-box--layout-image-above elementor-author-box--align-center elementor-widget elementor-widget-author-box\" data-id=\"4caf4a0\" data-element_type=\"widget\" data-e-type=\"widget\" data-widget_type=\"author-box.default\">\n\t\t\t\t\t\t\t<div class=\"elementor-author-box\">\n\t\t\t\t\t\t\t<div  class=\"elementor-author-box__avatar\">\n\t\t\t\t\t<img decoding=\"async\" src=\"https:\/\/sophiatown.com.br\/blog\/wp-content\/uploads\/2025\/09\/20250313_1043042-scaled-1-169x300.webp\" alt=\"Foto de Eanne Leite\" loading=\"lazy\">\n\t\t\t\t<\/div>\n\t\t\t\n\t\t\t<div class=\"elementor-author-box__text\">\n\t\t\t\t\t\t\t\t\t<div >\n\t\t\t\t\t\t<h4 class=\"elementor-author-box__name\">\n\t\t\t\t\t\t\tEanne Leite\t\t\t\t\t\t<\/h4>\n\t\t\t\t\t<\/div>\n\t\t\t\t\n\t\t\t\t\t\t\t\t\t<div class=\"elementor-author-box__bio\">\n\t\t\t\t\t\t<p>Sophiatown.com \u00e9 um guia online de S\u00e3o Paulo. Escrito por Eanne Leite, guia de turismo, pesquisadora e moradora de S\u00e3o Paulo.<\/p>\n\t\t\t\t\t<\/div>\n\t\t\t\t\n\t\t\t\t\t\t\t<\/div>\n\t\t<\/div>\n\t\t\t\t\t\t<\/div>\n\t\t\t\t<\/div>\n\t\t\t\t<\/div>\n\t\t\t\t<\/div>\n\t\t\t\t\t<\/div>\n\t\t\t\t<\/div>\n\t\t<div class=\"elementor-element elementor-element-3ed03069 e-flex e-con-boxed e-con e-parent\" data-id=\"3ed03069\" data-element_type=\"container\" data-e-type=\"container\">\n\t\t\t\t\t<div class=\"e-con-inner\">\n\t\t\t\t\t<\/div>\n\t\t\t\t<\/div>\n\t\t\t\t<\/div>\n\t\t","protected":false},"excerpt":{"rendered":"<p>O SEU GUIA DE S\u00c3O PAULO S\u00e3o Paulo \u00e9 a cidade onde tudo acontece. Com mais de 150 teatros e casas de espet\u00e1culos, re\u00fane intensa vida cultural, al\u00e9m de restaurantes do mundo todo que refletem sua diversidade. A cidade tamb\u00e9m encanta com seus parques, como o Ibirapuera, e museus renomados, como o MASP e o [&hellip;]<\/p>\n","protected":false},"author":1,"featured_media":0,"parent":0,"menu_order":0,"comment_status":"closed","ping_status":"closed","template":"elementor_header_footer","meta":{"footnotes":""},"class_list":["post-29","page","type-page","status-publish","hentry"],"yoast_head":"<!-- This site is optimized with the Yoast SEO plugin v27.4 - https:\/\/yoast.com\/product\/yoast-seo-wordpress\/ -->\n<title>Home - Sophiatown<\/title>\n<meta name=\"robots\" content=\"index, follow, max-snippet:-1, max-image-preview:large, max-video-preview:-1\" \/>\n<link rel=\"canonical\" href=\"https:\/\/sophiatown.com.br\/blog\/\" \/>\n<meta property=\"og:locale\" content=\"pt_BR\" \/>\n<meta property=\"og:type\" content=\"article\" \/>\n<meta property=\"og:title\" content=\"Home - Sophiatown\" \/>\n<meta property=\"og:description\" content=\"O SEU GUIA DE S\u00c3O PAULO S\u00e3o Paulo \u00e9 a cidade onde tudo acontece. Com mais de 150 teatros e casas de espet\u00e1culos, re\u00fane intensa vida cultural, al\u00e9m de restaurantes do mundo todo que refletem sua diversidade. A cidade tamb\u00e9m encanta com seus parques, como o Ibirapuera, e museus renomados, como o MASP e o [&hellip;]\" \/>\n<meta property=\"og:url\" content=\"https:\/\/sophiatown.com.br\/blog\/\" \/>\n<meta property=\"og:site_name\" content=\"Sophiatown\" \/>\n<meta property=\"article:modified_time\" content=\"2025-11-14T20:28:47+00:00\" \/>\n<meta property=\"og:image\" content=\"https:\/\/sophiatown.com.br\/blog\/wp-content\/uploads\/2025\/10\/@culturasmigrantes.webp\" \/>\n\t<meta property=\"og:image:width\" content=\"1024\" \/>\n\t<meta property=\"og:image:height\" content=\"1024\" \/>\n\t<meta property=\"og:image:type\" content=\"image\/webp\" \/>\n<meta name=\"twitter:card\" content=\"summary_large_image\" \/>\n<meta name=\"twitter:label1\" content=\"Est. tempo de leitura\" \/>\n\t<meta name=\"twitter:data1\" content=\"2 minutos\" \/>\n<script type=\"application\/ld+json\" class=\"yoast-schema-graph\">{\"@context\":\"https:\\\/\\\/schema.org\",\"@graph\":[{\"@type\":\"WebPage\",\"@id\":\"https:\\\/\\\/sophiatown.com.br\\\/blog\\\/\",\"url\":\"https:\\\/\\\/sophiatown.com.br\\\/blog\\\/\",\"name\":\"Home - Sophiatown\",\"isPartOf\":{\"@id\":\"https:\\\/\\\/sophiatown.com.br\\\/blog\\\/#website\"},\"primaryImageOfPage\":{\"@id\":\"https:\\\/\\\/sophiatown.com.br\\\/blog\\\/#primaryimage\"},\"image\":{\"@id\":\"https:\\\/\\\/sophiatown.com.br\\\/blog\\\/#primaryimage\"},\"thumbnailUrl\":\"https:\\\/\\\/sophiatown.com.br\\\/blog\\\/wp-content\\\/uploads\\\/2025\\\/10\\\/@culturasmigrantes.webp\",\"datePublished\":\"2025-09-08T16:58:17+00:00\",\"dateModified\":\"2025-11-14T20:28:47+00:00\",\"breadcrumb\":{\"@id\":\"https:\\\/\\\/sophiatown.com.br\\\/blog\\\/#breadcrumb\"},\"inLanguage\":\"pt-BR\",\"potentialAction\":[{\"@type\":\"ReadAction\",\"target\":[\"https:\\\/\\\/sophiatown.com.br\\\/blog\\\/\"]}]},{\"@type\":\"ImageObject\",\"inLanguage\":\"pt-BR\",\"@id\":\"https:\\\/\\\/sophiatown.com.br\\\/blog\\\/#primaryimage\",\"url\":\"https:\\\/\\\/sophiatown.com.br\\\/blog\\\/wp-content\\\/uploads\\\/2025\\\/10\\\/@culturasmigrantes.webp\",\"contentUrl\":\"https:\\\/\\\/sophiatown.com.br\\\/blog\\\/wp-content\\\/uploads\\\/2025\\\/10\\\/@culturasmigrantes.webp\",\"width\":1024,\"height\":1024,\"caption\":\"Imagem @culturasmigrantes\"},{\"@type\":\"BreadcrumbList\",\"@id\":\"https:\\\/\\\/sophiatown.com.br\\\/blog\\\/#breadcrumb\",\"itemListElement\":[{\"@type\":\"ListItem\",\"position\":1,\"name\":\"In\u00edcio\",\"item\":\"https:\\\/\\\/sophiatown.com.br\\\/blog\\\/\"},{\"@type\":\"ListItem\",\"position\":2,\"name\":\"Home\"}]},{\"@type\":\"WebSite\",\"@id\":\"https:\\\/\\\/sophiatown.com.br\\\/blog\\\/#website\",\"url\":\"https:\\\/\\\/sophiatown.com.br\\\/blog\\\/\",\"name\":\"Sophiatown\",\"description\":\"Guia de S&atilde;o Paulo\",\"potentialAction\":[{\"@type\":\"SearchAction\",\"target\":{\"@type\":\"EntryPoint\",\"urlTemplate\":\"https:\\\/\\\/sophiatown.com.br\\\/blog\\\/?s={search_term_string}\"},\"query-input\":{\"@type\":\"PropertyValueSpecification\",\"valueRequired\":true,\"valueName\":\"search_term_string\"}}],\"inLanguage\":\"pt-BR\"}]}<\/script>\n<!-- \/ Yoast SEO plugin. -->","yoast_head_json":{"title":"Home - Sophiatown","robots":{"index":"index","follow":"follow","max-snippet":"max-snippet:-1","max-image-preview":"max-image-preview:large","max-video-preview":"max-video-preview:-1"},"canonical":"https:\/\/sophiatown.com.br\/blog\/","og_locale":"pt_BR","og_type":"article","og_title":"Home - Sophiatown","og_description":"O SEU GUIA DE S\u00c3O PAULO S\u00e3o Paulo \u00e9 a cidade onde tudo acontece. Com mais de 150 teatros e casas de espet\u00e1culos, re\u00fane intensa vida cultural, al\u00e9m de restaurantes do mundo todo que refletem sua diversidade. A cidade tamb\u00e9m encanta com seus parques, como o Ibirapuera, e museus renomados, como o MASP e o [&hellip;]","og_url":"https:\/\/sophiatown.com.br\/blog\/","og_site_name":"Sophiatown","article_modified_time":"2025-11-14T20:28:47+00:00","og_image":[{"width":1024,"height":1024,"url":"https:\/\/sophiatown.com.br\/blog\/wp-content\/uploads\/2025\/10\/@culturasmigrantes.webp","type":"image\/webp"}],"twitter_card":"summary_large_image","twitter_misc":{"Est. tempo de leitura":"2 minutos"},"schema":{"@context":"https:\/\/schema.org","@graph":[{"@type":"WebPage","@id":"https:\/\/sophiatown.com.br\/blog\/","url":"https:\/\/sophiatown.com.br\/blog\/","name":"Home - Sophiatown","isPartOf":{"@id":"https:\/\/sophiatown.com.br\/blog\/#website"},"primaryImageOfPage":{"@id":"https:\/\/sophiatown.com.br\/blog\/#primaryimage"},"image":{"@id":"https:\/\/sophiatown.com.br\/blog\/#primaryimage"},"thumbnailUrl":"https:\/\/sophiatown.com.br\/blog\/wp-content\/uploads\/2025\/10\/@culturasmigrantes.webp","datePublished":"2025-09-08T16:58:17+00:00","dateModified":"2025-11-14T20:28:47+00:00","breadcrumb":{"@id":"https:\/\/sophiatown.com.br\/blog\/#breadcrumb"},"inLanguage":"pt-BR","potentialAction":[{"@type":"ReadAction","target":["https:\/\/sophiatown.com.br\/blog\/"]}]},{"@type":"ImageObject","inLanguage":"pt-BR","@id":"https:\/\/sophiatown.com.br\/blog\/#primaryimage","url":"https:\/\/sophiatown.com.br\/blog\/wp-content\/uploads\/2025\/10\/@culturasmigrantes.webp","contentUrl":"https:\/\/sophiatown.com.br\/blog\/wp-content\/uploads\/2025\/10\/@culturasmigrantes.webp","width":1024,"height":1024,"caption":"Imagem @culturasmigrantes"},{"@type":"BreadcrumbList","@id":"https:\/\/sophiatown.com.br\/blog\/#breadcrumb","itemListElement":[{"@type":"ListItem","position":1,"name":"In\u00edcio","item":"https:\/\/sophiatown.com.br\/blog\/"},{"@type":"ListItem","position":2,"name":"Home"}]},{"@type":"WebSite","@id":"https:\/\/sophiatown.com.br\/blog\/#website","url":"https:\/\/sophiatown.com.br\/blog\/","name":"Sophiatown","description":"Guia de S&atilde;o Paulo","potentialAction":[{"@type":"SearchAction","target":{"@type":"EntryPoint","urlTemplate":"https:\/\/sophiatown.com.br\/blog\/?s={search_term_string}"},"query-input":{"@type":"PropertyValueSpecification","valueRequired":true,"valueName":"search_term_string"}}],"inLanguage":"pt-BR"}]}},"_links":{"self":[{"href":"https:\/\/sophiatown.com.br\/blog\/wp-json\/wp\/v2\/pages\/29","targetHints":{"allow":["GET"]}}],"collection":[{"href":"https:\/\/sophiatown.com.br\/blog\/wp-json\/wp\/v2\/pages"}],"about":[{"href":"https:\/\/sophiatown.com.br\/blog\/wp-json\/wp\/v2\/types\/page"}],"author":[{"embeddable":true,"href":"https:\/\/sophiatown.com.br\/blog\/wp-json\/wp\/v2\/users\/1"}],"replies":[{"embeddable":true,"href":"https:\/\/sophiatown.com.br\/blog\/wp-json\/wp\/v2\/comments?post=29"}],"version-history":[{"count":16,"href":"https:\/\/sophiatown.com.br\/blog\/wp-json\/wp\/v2\/pages\/29\/revisions"}],"predecessor-version":[{"id":535,"href":"https:\/\/sophiatown.com.br\/blog\/wp-json\/wp\/v2\/pages\/29\/revisions\/535"}],"wp:attachment":[{"href":"https:\/\/sophiatown.com.br\/blog\/wp-json\/wp\/v2\/media?parent=29"}],"curies":[{"name":"wp","href":"https:\/\/api.w.org\/{rel}","templated":true}]}}